{"id":1305,"date":"2021-04-19T10:19:07","date_gmt":"2021-04-19T08:19:07","guid":{"rendered":"https:\/\/ticomtec.de\/disclaimer\/"},"modified":"2021-04-19T10:19:54","modified_gmt":"2021-04-19T08:19:54","slug":"disclaimer","status":"publish","type":"page","link":"https:\/\/ticomtec.de\/en\/disclaimer\/","title":{"rendered":"Disclaimer"},"content":{"rendered":"<div class=\"fusion-fullwidth fullwidth-box fusion-builder-row-1 nonhundred-percent-fullwidth non-hundred-percent-height-scrolling\" style=\"--awb-border-radius-top-left:0px;--awb-border-radius-top-right:0px;--awb-border-radius-bottom-right:0px;--awb-border-radius-bottom-left:0px;--awb-flex-wrap:wrap;\" ><div class=\"fusion-builder-row fusion-row\"><div class=\"fusion-layout-column fusion_builder_column fusion-builder-column-0 fusion_builder_column_1_1 1_1 fusion-one-full fusion-column-first fusion-column-last\" style=\"--awb-bg-size:cover;\"><div class=\"fusion-column-wrapper fusion-column-has-shadow fusion-flex-column-wrapper-legacy\"><div class=\"fusion-title title fusion-title-1 fusion-sep-none fusion-title-text fusion-title-size-one\" style=\"--awb-margin-top-small:0px;--awb-margin-right-small:0px;--awb-margin-bottom-small:15px;--awb-margin-left-small:0px;\"><h1 class=\"fusion-title-heading title-heading-left fusion-responsive-typography-calculated\" style=\"margin:0;--fontSize:36;line-height:1.4;\">DISCLAIMER<\/h1><\/div><div class=\"fusion-sep-clear\"><\/div><div class=\"fusion-separator fusion-full-width-sep\" style=\"margin-left: auto;margin-right: auto;margin-bottom:25px;width:100%;\"><\/div><div class=\"fusion-sep-clear\"><\/div><div class=\"fusion-text fusion-text-1\"><div class=\"fusion-title title fusion-title-2 fusion-sep-none fusion-title-text fusion-title-size-two fusion-border-below-title\">\n<h2 class=\"title-heading-left fusion-responsive-typography-calculated\" data-fontsize=\"28\" data-lineheight=\"35px\">Haftung f\u00fcr Inhalte<\/h2>\n<\/div>\n<div class=\"fusion-text\">\n<p>Die Inhalte unserer Seiten wurden mit gr\u00f6\u00dfter Sorgfalt erstellt. F\u00fcr die Richtigkeit, Vollst\u00e4ndigkeit und Aktualit\u00e4t der Inhalte k\u00f6nnen wir jedoch keine Gew\u00e4hr \u00fcbernehmen. Als Diensteanbieter sind wir gem\u00e4\u00df \u00a7 7 Abs.1 TMG f\u00fcr eigene Inhalte auf diesen Seiten nach den allgemeinen Gesetzen verantwortlich. Nach \u00a7\u00a7 8 bis 10 TMG sind wir als Diensteanbieter jedoch nicht verpflichtet, \u00fcbermittelte oder gespeicherte fremde Informationen zu \u00fcberwachen oder nach Umst\u00e4nden zu forschen, die auf eine rechtswidrige T\u00e4tigkeit hinweisen. Verpflichtungen zur Entfernung oder Sperrung der Nutzung von Informationen nach den allgemeinen Gesetzen bleiben hiervon unber\u00fchrt. Eine diesbez\u00fcgliche Haftung ist jedoch erst ab dem Zeitpunkt der Kenntnis einer konkreten Rechtsverletzung m\u00f6glich. Bei Bekanntwerden von entsprechenden Rechtsverletzungen werden wir diese Inhalte umgehend entfernen.<\/p>\n<\/div>\n<div class=\"fusion-title title fusion-title-3 fusion-sep-none fusion-title-text fusion-title-size-two fusion-border-below-title\">\n<h2 class=\"title-heading-left fusion-responsive-typography-calculated\" data-fontsize=\"28\" data-lineheight=\"35px\">Haftung f\u00fcr Links<\/h2>\n<\/div>\n<div class=\"fusion-text\">\n<p>Unser Angebot enth\u00e4lt Links zu externen Webseiten Dritter, auf deren Inhalte wir keinen Einfluss haben. Deshalb k\u00f6nnen wir f\u00fcr diese fremden Inhalte auch keine Gew\u00e4hr \u00fcbernehmen. F\u00fcr die Inhalte der verlinkten Seiten ist stets der jeweilige Anbieter oder Betreiber der Seiten verantwortlich. Die verlinkten Seiten wurden zum Zeitpunkt der Verlinkung auf m\u00f6gliche Rechtsverst\u00f6\u00dfe \u00fcberpr\u00fcft. Rechtswidrige Inhalte waren zum Zeitpunkt der Verlinkung nicht erkennbar. Eine permanente inhaltliche Kontrolle der verlinkten Seiten ist jedoch ohne konkrete Anhaltspunkte einer Rechtsverletzung nicht zumutbar. Bei Bekanntwerden von Rechtsverletzungen werden wir derartige Links umgehend entfernen.<\/p>\n<\/div>\n<div class=\"fusion-title title fusion-title-4 fusion-sep-none fusion-title-text fusion-title-size-two fusion-border-below-title\">\n<h2 class=\"title-heading-left fusion-responsive-typography-calculated\" data-fontsize=\"28\" data-lineheight=\"35px\">Urheberrecht<\/h2>\n<\/div>\n<div class=\"fusion-text\">\n<p>Die durch die Seitenbetreiber erstellten Inhalte und Werke auf diesen Seiten unterliegen dem deutschen Urheberrecht. Die Vervielf\u00e4ltigung, Bearbeitung, Verbreitung und jede Art der Verwertung au\u00dferhalb der Grenzen des Urheberrechtes bed\u00fcrfen der schriftlichen Zustimmung des jeweiligen Autors bzw. Erstellers. Downloads und Kopien dieser Seite sind nur f\u00fcr den privaten, nicht kommerziellen Gebrauch gestattet. Soweit die Inhalte auf dieser Seite nicht vom Betreiber erstellt wurden, werden die Urheberrechte Dritter beachtet. Insbesondere werden Inhalte Dritter als solche gekennzeichnet. Sollten Sie trotzdem auf eine Urheberrechtsverletzung aufmerksam werden, bitten wir um einen entsprechenden Hinweis. Bei Bekanntwerden von Rechtsverletzungen werden wir derartige Inhalte umgehend entfernen.<\/p>\n<p><small><i>Quelle: <a href=\"http:\/\/www.e-recht24.de\/muster-disclaimer.htm\" target=\"_blank\" rel=\"noopener noreferrer\"><small>Disclaimer eRecht24<\/small><\/a><\/i><\/small><\/p>\n<\/div>\n<div class=\"fusion-clearfix\"><\/div>\n<\/div><div class=\"fusion-clearfix\"><\/div><\/div><\/div><\/div><\/div>\n","protected":false},"excerpt":{"rendered":"","protected":false},"author":1,"featured_media":0,"parent":0,"menu_order":0,"comment_status":"closed","ping_status":"closed","template":"100-width.php","meta":{"footnotes":""},"class_list":["post-1305","page","type-page","status-publish","hentry"],"yoast_head":"<!-- This site is optimized with the Yoast SEO plugin v27.5 - https:\/\/yoast.com\/product\/yoast-seo-wordpress\/ -->\n<title>Disclaimer - TiComTec GmbH<\/title>\n<meta name=\"robots\" content=\"index, follow, max-snippet:-1, max-image-preview:large, max-video-preview:-1\" \/>\n<link rel=\"canonical\" href=\"https:\/\/ticomtec.de\/en\/disclaimer\/\" \/>\n<meta property=\"og:locale\" content=\"en_US\" \/>\n<meta property=\"og:type\" content=\"article\" \/>\n<meta property=\"og:title\" content=\"Disclaimer - TiComTec GmbH\" \/>\n<meta property=\"og:url\" content=\"https:\/\/ticomtec.de\/en\/disclaimer\/\" \/>\n<meta property=\"og:site_name\" content=\"TiComTec GmbH\" \/>\n<meta property=\"article:modified_time\" content=\"2021-04-19T08:19:54+00:00\" \/>\n<meta name=\"twitter:card\" content=\"summary_large_image\" \/>\n<meta name=\"twitter:label1\" content=\"Est. reading time\" \/>\n\t<meta name=\"twitter:data1\" content=\"3 minutes\" \/>\n<script type=\"application\/ld+json\" class=\"yoast-schema-graph\">{\"@context\":\"https:\\\/\\\/schema.org\",\"@graph\":[{\"@type\":\"WebPage\",\"@id\":\"https:\\\/\\\/ticomtec.de\\\/en\\\/disclaimer\\\/\",\"url\":\"https:\\\/\\\/ticomtec.de\\\/en\\\/disclaimer\\\/\",\"name\":\"Disclaimer - TiComTec GmbH\",\"isPartOf\":{\"@id\":\"https:\\\/\\\/ticomtec.de\\\/en\\\/#website\"},\"datePublished\":\"2021-04-19T08:19:07+00:00\",\"dateModified\":\"2021-04-19T08:19:54+00:00\",\"breadcrumb\":{\"@id\":\"https:\\\/\\\/ticomtec.de\\\/en\\\/disclaimer\\\/#breadcrumb\"},\"inLanguage\":\"en-US\",\"potentialAction\":[{\"@type\":\"ReadAction\",\"target\":[\"https:\\\/\\\/ticomtec.de\\\/en\\\/disclaimer\\\/\"]}]},{\"@type\":\"BreadcrumbList\",\"@id\":\"https:\\\/\\\/ticomtec.de\\\/en\\\/disclaimer\\\/#breadcrumb\",\"itemListElement\":[{\"@type\":\"ListItem\",\"position\":1,\"name\":\"Startseite\",\"item\":\"https:\\\/\\\/ticomtec.de\\\/en\\\/\"},{\"@type\":\"ListItem\",\"position\":2,\"name\":\"Disclaimer\"}]},{\"@type\":\"WebSite\",\"@id\":\"https:\\\/\\\/ticomtec.de\\\/en\\\/#website\",\"url\":\"https:\\\/\\\/ticomtec.de\\\/en\\\/\",\"name\":\"TiComTec GmbH\",\"description\":\"Verbindungen aus Vision und Design.\",\"publisher\":{\"@id\":\"https:\\\/\\\/ticomtec.de\\\/en\\\/#organization\"},\"potentialAction\":[{\"@type\":\"SearchAction\",\"target\":{\"@type\":\"EntryPoint\",\"urlTemplate\":\"https:\\\/\\\/ticomtec.de\\\/en\\\/?s={search_term_string}\"},\"query-input\":{\"@type\":\"PropertyValueSpecification\",\"valueRequired\":true,\"valueName\":\"search_term_string\"}}],\"inLanguage\":\"en-US\"},{\"@type\":\"Organization\",\"@id\":\"https:\\\/\\\/ticomtec.de\\\/en\\\/#organization\",\"name\":\"TiComTec GmbH\",\"url\":\"https:\\\/\\\/ticomtec.de\\\/en\\\/\",\"logo\":{\"@type\":\"ImageObject\",\"inLanguage\":\"en-US\",\"@id\":\"https:\\\/\\\/ticomtec.de\\\/en\\\/#\\\/schema\\\/logo\\\/image\\\/\",\"url\":\"https:\\\/\\\/ticomtec.de\\\/wp-content\\\/uploads\\\/2019\\\/07\\\/TCT_Logo_600px.png\",\"contentUrl\":\"https:\\\/\\\/ticomtec.de\\\/wp-content\\\/uploads\\\/2019\\\/07\\\/TCT_Logo_600px.png\",\"width\":600,\"height\":40,\"caption\":\"TiComTec GmbH\"},\"image\":{\"@id\":\"https:\\\/\\\/ticomtec.de\\\/en\\\/#\\\/schema\\\/logo\\\/image\\\/\"}}]}<\/script>\n<!-- \/ Yoast SEO plugin. -->","yoast_head_json":{"title":"Disclaimer - TiComTec GmbH","robots":{"index":"index","follow":"follow","max-snippet":"max-snippet:-1","max-image-preview":"max-image-preview:large","max-video-preview":"max-video-preview:-1"},"canonical":"https:\/\/ticomtec.de\/en\/disclaimer\/","og_locale":"en_US","og_type":"article","og_title":"Disclaimer - TiComTec GmbH","og_url":"https:\/\/ticomtec.de\/en\/disclaimer\/","og_site_name":"TiComTec GmbH","article_modified_time":"2021-04-19T08:19:54+00:00","twitter_card":"summary_large_image","twitter_misc":{"Est. reading time":"3 minutes"},"schema":{"@context":"https:\/\/schema.org","@graph":[{"@type":"WebPage","@id":"https:\/\/ticomtec.de\/en\/disclaimer\/","url":"https:\/\/ticomtec.de\/en\/disclaimer\/","name":"Disclaimer - TiComTec GmbH","isPartOf":{"@id":"https:\/\/ticomtec.de\/en\/#website"},"datePublished":"2021-04-19T08:19:07+00:00","dateModified":"2021-04-19T08:19:54+00:00","breadcrumb":{"@id":"https:\/\/ticomtec.de\/en\/disclaimer\/#breadcrumb"},"inLanguage":"en-US","potentialAction":[{"@type":"ReadAction","target":["https:\/\/ticomtec.de\/en\/disclaimer\/"]}]},{"@type":"BreadcrumbList","@id":"https:\/\/ticomtec.de\/en\/disclaimer\/#breadcrumb","itemListElement":[{"@type":"ListItem","position":1,"name":"Startseite","item":"https:\/\/ticomtec.de\/en\/"},{"@type":"ListItem","position":2,"name":"Disclaimer"}]},{"@type":"WebSite","@id":"https:\/\/ticomtec.de\/en\/#website","url":"https:\/\/ticomtec.de\/en\/","name":"TiComTec GmbH","description":"Verbindungen aus Vision und Design.","publisher":{"@id":"https:\/\/ticomtec.de\/en\/#organization"},"potentialAction":[{"@type":"SearchAction","target":{"@type":"EntryPoint","urlTemplate":"https:\/\/ticomtec.de\/en\/?s={search_term_string}"},"query-input":{"@type":"PropertyValueSpecification","valueRequired":true,"valueName":"search_term_string"}}],"inLanguage":"en-US"},{"@type":"Organization","@id":"https:\/\/ticomtec.de\/en\/#organization","name":"TiComTec GmbH","url":"https:\/\/ticomtec.de\/en\/","logo":{"@type":"ImageObject","inLanguage":"en-US","@id":"https:\/\/ticomtec.de\/en\/#\/schema\/logo\/image\/","url":"https:\/\/ticomtec.de\/wp-content\/uploads\/2019\/07\/TCT_Logo_600px.png","contentUrl":"https:\/\/ticomtec.de\/wp-content\/uploads\/2019\/07\/TCT_Logo_600px.png","width":600,"height":40,"caption":"TiComTec GmbH"},"image":{"@id":"https:\/\/ticomtec.de\/en\/#\/schema\/logo\/image\/"}}]}},"_links":{"self":[{"href":"https:\/\/ticomtec.de\/en\/wp-json\/wp\/v2\/pages\/1305","targetHints":{"allow":["GET"]}}],"collection":[{"href":"https:\/\/ticomtec.de\/en\/wp-json\/wp\/v2\/pages"}],"about":[{"href":"https:\/\/ticomtec.de\/en\/wp-json\/wp\/v2\/types\/page"}],"author":[{"embeddable":true,"href":"https:\/\/ticomtec.de\/en\/wp-json\/wp\/v2\/users\/1"}],"replies":[{"embeddable":true,"href":"https:\/\/ticomtec.de\/en\/wp-json\/wp\/v2\/comments?post=1305"}],"version-history":[{"count":2,"href":"https:\/\/ticomtec.de\/en\/wp-json\/wp\/v2\/pages\/1305\/revisions"}],"predecessor-version":[{"id":1307,"href":"https:\/\/ticomtec.de\/en\/wp-json\/wp\/v2\/pages\/1305\/revisions\/1307"}],"wp:attachment":[{"href":"https:\/\/ticomtec.de\/en\/wp-json\/wp\/v2\/media?parent=1305"}],"curies":[{"name":"wp","href":"https:\/\/api.w.org\/{rel}","templated":true}]}}